{"id":814,"date":"2023-05-18T19:09:22","date_gmt":"2023-05-18T19:09:22","guid":{"rendered":"https:\/\/dokumenteanzeigen.com\/?page_id=814"},"modified":"2023-05-18T19:34:42","modified_gmt":"2023-05-18T19:34:42","slug":"haufig-gestellte-fragen","status":"publish","type":"page","link":"https:\/\/dokumenteanzeigen.com\/haufig-gestellte-fragen\/","title":{"rendered":"H\u00e4ufig gestellte Fragen"},"content":{"rendered":"\t\t<div data-elementor-type=\"wp-page\" data-elementor-id=\"814\" class=\"elementor elementor-814\">\n\t\t\t\t\t\t<section class=\"elementor-section elementor-top-section elementor-element elementor-element-f9543ea elementor-section-boxed elementor-section-height-default elementor-section-height-default\" data-id=\"f9543ea\" data-element_type=\"section\" data-e-type=\"section\">\n\t\t\t\t\t\t<div class=\"elementor-container elementor-column-gap-default\">\n\t\t\t\t\t<div class=\"elementor-column elementor-col-100 elementor-top-column elementor-element elementor-element-3d6299f\" data-id=\"3d6299f\" data-element_type=\"column\" data-e-type=\"column\">\n\t\t\t<div class=\"elementor-widget-wrap elementor-element-populated\">\n\t\t\t\t\t\t<div class=\"elementor-element elementor-element-3ff3852 elementor-widget elementor-widget-image\" data-id=\"3ff3852\" data-element_type=\"widget\" data-e-type=\"widget\" data-widget_type=\"image.default\">\n\t\t\t\t<div class=\"elementor-widget-container\">\n\t\t\t\t\t\t\t\t\t\t\t\t\t\t\t<img fetchpriority=\"high\" decoding=\"async\" width=\"1024\" height=\"768\" src=\"https:\/\/dokumenteanzeigen.com\/wp-content\/uploads\/2023\/05\/5d3215df82cedb129b32205a-1024x768.webp\" class=\"attachment-large size-large wp-image-824\" alt=\"\" srcset=\"https:\/\/dokumenteanzeigen.com\/wp-content\/uploads\/2023\/05\/5d3215df82cedb129b32205a-1024x768.webp 1024w, https:\/\/dokumenteanzeigen.com\/wp-content\/uploads\/2023\/05\/5d3215df82cedb129b32205a-300x225.webp 300w, https:\/\/dokumenteanzeigen.com\/wp-content\/uploads\/2023\/05\/5d3215df82cedb129b32205a-768x576.webp 768w, https:\/\/dokumenteanzeigen.com\/wp-content\/uploads\/2023\/05\/5d3215df82cedb129b32205a-1536x1152.webp 1536w, https:\/\/dokumenteanzeigen.com\/wp-content\/uploads\/2023\/05\/5d3215df82cedb129b32205a.webp 2000w\" sizes=\"(max-width: 1024px) 100vw, 1024px\" \/>\t\t\t\t\t\t\t\t\t\t\t\t\t\t\t<\/div>\n\t\t\t\t<\/div>\n\t\t\t\t\t<\/div>\n\t\t<\/div>\n\t\t\t\t\t<\/div>\n\t\t<\/section>\n\t\t\t\t<section class=\"elementor-section elementor-top-section elementor-element elementor-element-bd2bddd elementor-section-boxed elementor-section-height-default elementor-section-height-default\" data-id=\"bd2bddd\" data-element_type=\"section\" data-e-type=\"section\">\n\t\t\t\t\t\t<div class=\"elementor-container elementor-column-gap-default\">\n\t\t\t\t\t<div class=\"elementor-column elementor-col-100 elementor-top-column elementor-element elementor-element-19cde8b\" data-id=\"19cde8b\" data-element_type=\"column\" data-e-type=\"column\">\n\t\t\t<div class=\"elementor-widget-wrap elementor-element-populated\">\n\t\t\t\t\t\t<div class=\"elementor-element elementor-element-1badf0a elementor-widget elementor-widget-accordion\" data-id=\"1badf0a\" data-element_type=\"widget\" data-e-type=\"widget\" data-widget_type=\"accordion.default\">\n\t\t\t\t<div class=\"elementor-widget-container\">\n\t\t\t\t\t\t\t<div class=\"elementor-accordion\">\n\t\t\t\t\t\t\t<div class=\"elementor-accordion-item\">\n\t\t\t\t\t<div id=\"elementor-tab-title-2901\" class=\"elementor-tab-title\" data-tab=\"1\" role=\"button\" aria-controls=\"elementor-tab-content-2901\" aria-expanded=\"false\">\n\t\t\t\t\t\t\t\t\t\t\t\t\t<span class=\"elementor-accordion-icon elementor-accordion-icon-left\" aria-hidden=\"true\">\n\t\t\t\t\t\t\t\t\t\t\t\t\t\t\t<span class=\"elementor-accordion-icon-closed\"><i class=\"fas fa-plus\"><\/i><\/span>\n\t\t\t\t\t\t\t\t<span class=\"elementor-accordion-icon-opened\"><i class=\"fas fa-minus\"><\/i><\/span>\n\t\t\t\t\t\t\t\t\t\t\t\t\t\t<\/span>\n\t\t\t\t\t\t\t\t\t\t\t\t<a class=\"elementor-accordion-title\" tabindex=\"0\">Ist das gekaufte Dokument registriert?<\/a>\n\t\t\t\t\t<\/div>\n\t\t\t\t\t<div id=\"elementor-tab-content-2901\" class=\"elementor-tab-content elementor-clearfix\" data-tab=\"1\" role=\"region\" aria-labelledby=\"elementor-tab-title-2901\"><p>Ja, selbstverst\u00e4ndlich werden alle auf dieser Seite bereitgestellten F\u00fchrerscheine unabh\u00e4ngig von ihrer Kategorie in den Datenbanken gespeichert. In manchen F\u00e4llen senden wir Ihnen zus\u00e4tzlich zum F\u00fchrerschein die F\u00fchrerscheinbescheinigung zu, die die Originalit\u00e4t Ihres F\u00fchrerscheins best\u00e4tigt.<\/p><\/div>\n\t\t\t\t<\/div>\n\t\t\t\t\t\t\t<div class=\"elementor-accordion-item\">\n\t\t\t\t\t<div id=\"elementor-tab-title-2902\" class=\"elementor-tab-title\" data-tab=\"2\" role=\"button\" aria-controls=\"elementor-tab-content-2902\" aria-expanded=\"false\">\n\t\t\t\t\t\t\t\t\t\t\t\t\t<span class=\"elementor-accordion-icon elementor-accordion-icon-left\" aria-hidden=\"true\">\n\t\t\t\t\t\t\t\t\t\t\t\t\t\t\t<span class=\"elementor-accordion-icon-closed\"><i class=\"fas fa-plus\"><\/i><\/span>\n\t\t\t\t\t\t\t\t<span class=\"elementor-accordion-icon-opened\"><i class=\"fas fa-minus\"><\/i><\/span>\n\t\t\t\t\t\t\t\t\t\t\t\t\t\t<\/span>\n\t\t\t\t\t\t\t\t\t\t\t\t<a class=\"elementor-accordion-title\" tabindex=\"0\">Wie wird der gesamte Prozess ablaufen, bevor ich meinen F\u00fchrerschein erhalte?<\/a>\n\t\t\t\t\t<\/div>\n\t\t\t\t\t<div id=\"elementor-tab-content-2902\" class=\"elementor-tab-content elementor-clearfix\" data-tab=\"2\" role=\"region\" aria-labelledby=\"elementor-tab-title-2902\"><p>Nachdem Sie Ihr Dokument bestellt und die entsprechenden Geb\u00fchren bezahlt haben, erhalten Sie das Dokument sp\u00e4testens eine Woche sp\u00e4ter. Kaufen Sie jetzt in weniger als 7 Tagen einen F\u00fchrerschein<\/p><\/div>\n\t\t\t\t<\/div>\n\t\t\t\t\t\t\t<div class=\"elementor-accordion-item\">\n\t\t\t\t\t<div id=\"elementor-tab-title-2903\" class=\"elementor-tab-title\" data-tab=\"3\" role=\"button\" aria-controls=\"elementor-tab-content-2903\" aria-expanded=\"false\">\n\t\t\t\t\t\t\t\t\t\t\t\t\t<span class=\"elementor-accordion-icon elementor-accordion-icon-left\" aria-hidden=\"true\">\n\t\t\t\t\t\t\t\t\t\t\t\t\t\t\t<span class=\"elementor-accordion-icon-closed\"><i class=\"fas fa-plus\"><\/i><\/span>\n\t\t\t\t\t\t\t\t<span class=\"elementor-accordion-icon-opened\"><i class=\"fas fa-minus\"><\/i><\/span>\n\t\t\t\t\t\t\t\t\t\t\t\t\t\t<\/span>\n\t\t\t\t\t\t\t\t\t\t\t\t<a class=\"elementor-accordion-title\" tabindex=\"0\">Wie erhalte ich den gekauften F\u00fchrerschein?<\/a>\n\t\t\t\t\t<\/div>\n\t\t\t\t\t<div id=\"elementor-tab-content-2903\" class=\"elementor-tab-content elementor-clearfix\" data-tab=\"3\" role=\"region\" aria-labelledby=\"elementor-tab-title-2903\"><p>Bitte beachten Sie, dass es bei Ihrer Bestellung ein sehr wichtiger Schritt ist, Ihre Produktionsinformationen als pers\u00f6nliche Informationen \u00fcber Sie anzugeben. Es ist unsere Pflicht, Daten zu sch\u00fctzen, um unsere Kunden vor Risiken zu sch\u00fctzen. Um Ihre Daten zu sch\u00fctzen, verwenden wir eine von unserer Organisation erstellte Datenbank, in der alle Daten unserer Kunden gespeichert sind, und wir verwenden fortschrittliche Technologien, um diese Datenbank vor einigen Datenhackern zu sch\u00fctzen. Aus diesem einfachen Sicherheitsgrund zeigen wir keine Proben unserer Arbeit, da sich die Proben als unprofessionell erwiesen haben und der Eigent\u00fcmer dieses Testdokuments dadurch das Risiko eingeht, Unbekanntes zu riskieren. Ihre Daten sind bei uns sozusagen sicher und werden aus keinem Grund an Dritte weitergegeben.<\/p><\/div>\n\t\t\t\t<\/div>\n\t\t\t\t\t\t\t<div class=\"elementor-accordion-item\">\n\t\t\t\t\t<div id=\"elementor-tab-title-2904\" class=\"elementor-tab-title\" data-tab=\"4\" role=\"button\" aria-controls=\"elementor-tab-content-2904\" aria-expanded=\"false\">\n\t\t\t\t\t\t\t\t\t\t\t\t\t<span class=\"elementor-accordion-icon elementor-accordion-icon-left\" aria-hidden=\"true\">\n\t\t\t\t\t\t\t\t\t\t\t\t\t\t\t<span class=\"elementor-accordion-icon-closed\"><i class=\"fas fa-plus\"><\/i><\/span>\n\t\t\t\t\t\t\t\t<span class=\"elementor-accordion-icon-opened\"><i class=\"fas fa-minus\"><\/i><\/span>\n\t\t\t\t\t\t\t\t\t\t\t\t\t\t<\/span>\n\t\t\t\t\t\t\t\t\t\t\t\t<a class=\"elementor-accordion-title\" tabindex=\"0\">Wie wird mein F\u00fchrerschein zugestellt?<\/a>\n\t\t\t\t\t<\/div>\n\t\t\t\t\t<div id=\"elementor-tab-content-2904\" class=\"elementor-tab-content elementor-clearfix\" data-tab=\"4\" role=\"region\" aria-labelledby=\"elementor-tab-title-2904\"><p>Sobald Ihr F\u00fchrerschein vorgelegt wurde, wird er per DHL, POST oder UPS an Ihre Heimatadresse oder die Adresse Ihrer Wahl gesendet.<\/p><\/div>\n\t\t\t\t<\/div>\n\t\t\t\t\t\t\t<div class=\"elementor-accordion-item\">\n\t\t\t\t\t<div id=\"elementor-tab-title-2905\" class=\"elementor-tab-title\" data-tab=\"5\" role=\"button\" aria-controls=\"elementor-tab-content-2905\" aria-expanded=\"false\">\n\t\t\t\t\t\t\t\t\t\t\t\t\t<span class=\"elementor-accordion-icon elementor-accordion-icon-left\" aria-hidden=\"true\">\n\t\t\t\t\t\t\t\t\t\t\t\t\t\t\t<span class=\"elementor-accordion-icon-closed\"><i class=\"fas fa-plus\"><\/i><\/span>\n\t\t\t\t\t\t\t\t<span class=\"elementor-accordion-icon-opened\"><i class=\"fas fa-minus\"><\/i><\/span>\n\t\t\t\t\t\t\t\t\t\t\t\t\t\t<\/span>\n\t\t\t\t\t\t\t\t\t\t\t\t<a class=\"elementor-accordion-title\" tabindex=\"0\">Wie bezahle ich den F\u00fchrerschein?<\/a>\n\t\t\t\t\t<\/div>\n\t\t\t\t\t<div id=\"elementor-tab-content-2905\" class=\"elementor-tab-content elementor-clearfix\" data-tab=\"5\" role=\"region\" aria-labelledby=\"elementor-tab-title-2905\"><p>Die Bezahlung kann auf unterschiedliche Weise erfolgen. Wir m\u00fcssen bedenken, dass der gesamte Prozess diskret erfolgt und wir uns daher bewusst sind, dass Ihre pers\u00f6nlichen Daten gesch\u00fctzt werden m\u00fcssen. Wir akzeptieren Zahlungen in Bitcoins und stellen Ihnen m\u00f6glicherweise auch ein europ\u00e4isches Bankkonto f\u00fcr eine \u00dcberweisung zur Verf\u00fcgung.<\/p><\/div>\n\t\t\t\t<\/div>\n\t\t\t\t\t\t\t<div class=\"elementor-accordion-item\">\n\t\t\t\t\t<div id=\"elementor-tab-title-2906\" class=\"elementor-tab-title\" data-tab=\"6\" role=\"button\" aria-controls=\"elementor-tab-content-2906\" aria-expanded=\"false\">\n\t\t\t\t\t\t\t\t\t\t\t\t\t<span class=\"elementor-accordion-icon elementor-accordion-icon-left\" aria-hidden=\"true\">\n\t\t\t\t\t\t\t\t\t\t\t\t\t\t\t<span class=\"elementor-accordion-icon-closed\"><i class=\"fas fa-plus\"><\/i><\/span>\n\t\t\t\t\t\t\t\t<span class=\"elementor-accordion-icon-opened\"><i class=\"fas fa-minus\"><\/i><\/span>\n\t\t\t\t\t\t\t\t\t\t\t\t\t\t<\/span>\n\t\t\t\t\t\t\t\t\t\t\t\t<a class=\"elementor-accordion-title\" tabindex=\"0\">Welche Voraussetzungen werden von mir erwartet, um auf dieser Website einen F\u00fchrerschein zu kaufen?<\/a>\n\t\t\t\t\t<\/div>\n\t\t\t\t\t<div id=\"elementor-tab-content-2906\" class=\"elementor-tab-content elementor-clearfix\" data-tab=\"6\" role=\"region\" aria-labelledby=\"elementor-tab-title-2906\"><p>Um auf dieser Website einen F\u00fchrerschein zu kaufen, ohne eine Fahrschule aufzusuchen, m\u00fcssen Sie in der Lage sein:<\/p><ul><li>Um auf dieser Website einen F\u00fchrerschein zu erwerben, m\u00fcssen Sie in Deutschland, \u00d6sterreich, Polen und der Schweiz vollj\u00e4hrig sein. Sie m\u00fcssen also \u00fcber 15 Jahre alt sein, um mindestens einen F\u00fchrerschein der Klasse A f\u00fcr ein Motorrad oder Moped zu beantragen<\/li><li>Bedingung zwei besagt, dass Sie in der Lage sein m\u00fcssen, ein Nummernschild in einer Entfernung von mindestens 15\u00a0Metern zu lesen, um auf dieser Website einen F\u00fchrerschein zu kaufen<\/li><li>Um auf dieser Website einen F\u00fchrerschein einer beliebigen Kategorie zu kaufen, m\u00fcssen Sie au\u00dferdem in der Lage sein, Auto zu fahren oder zumindest \u00fcber eine gute Fahrerfahrung verf\u00fcgen.<\/li><\/ul><\/div>\n\t\t\t\t<\/div>\n\t\t\t\t\t\t\t\t<\/div>\n\t\t\t\t\t\t<\/div>\n\t\t\t\t<\/div>\n\t\t\t\t\t<\/div>\n\t\t<\/div>\n\t\t\t\t\t<\/div>\n\t\t<\/section>\n\t\t\t\t<\/div>\n\t\t","protected":false},"excerpt":{"rendered":"<p>Ist das gekaufte Dokument registriert? Ja, selbstverst\u00e4ndlich werden alle auf dieser Seite bereitgestellten F\u00fchrerscheine unabh\u00e4ngig von ihrer Kategorie in den Datenbanken gespeichert. In manchen F\u00e4llen senden wir Ihnen zus\u00e4tzlich zum F\u00fchrerschein die F\u00fchrerscheinbescheinigung zu, die die Originalit\u00e4t Ihres F\u00fchrerscheins best\u00e4tigt. Wie wird der gesamte Prozess ablaufen, bevor ich meinen F\u00fchrerschein erhalte? Nachdem Sie Ihr Dokument &hellip;<\/p>\n<p class=\"read-more\"> <a class=\"\" href=\"https:\/\/dokumenteanzeigen.com\/haufig-gestellte-fragen\/\"> <span class=\"screen-reader-text\">H\u00e4ufig gestellte Fragen<\/span> Weiterlesen &raquo;<\/a><\/p>\n","protected":false},"author":1,"featured_media":0,"parent":0,"menu_order":0,"comment_status":"closed","ping_status":"closed","template":"","meta":{"site-sidebar-layout":"no-sidebar","site-content-layout":"page-builder","ast-global-header-display":"","ast-main-header-display":"","ast-hfb-above-header-display":"","ast-hfb-below-header-display":"","ast-hfb-mobile-header-display":"","site-post-title":"disabled","ast-breadcrumbs-content":"","ast-featured-img":"disabled","footer-sml-layout":"","theme-transparent-header-meta":"","adv-header-id-meta":"","stick-header-meta":"","header-above-stick-meta":"","header-main-stick-meta":"","header-below-stick-meta":"","footnotes":""},"class_list":["post-814","page","type-page","status-publish","hentry"],"_links":{"self":[{"href":"https:\/\/dokumenteanzeigen.com\/wp-json\/wp\/v2\/pages\/814","targetHints":{"allow":["GET"]}}],"collection":[{"href":"https:\/\/dokumenteanzeigen.com\/wp-json\/wp\/v2\/pages"}],"about":[{"href":"https:\/\/dokumenteanzeigen.com\/wp-json\/wp\/v2\/types\/page"}],"author":[{"embeddable":true,"href":"https:\/\/dokumenteanzeigen.com\/wp-json\/wp\/v2\/users\/1"}],"replies":[{"embeddable":true,"href":"https:\/\/dokumenteanzeigen.com\/wp-json\/wp\/v2\/comments?post=814"}],"version-history":[{"count":10,"href":"https:\/\/dokumenteanzeigen.com\/wp-json\/wp\/v2\/pages\/814\/revisions"}],"predecessor-version":[{"id":827,"href":"https:\/\/dokumenteanzeigen.com\/wp-json\/wp\/v2\/pages\/814\/revisions\/827"}],"wp:attachment":[{"href":"https:\/\/dokumenteanzeigen.com\/wp-json\/wp\/v2\/media?parent=814"}],"curies":[{"name":"wp","href":"https:\/\/api.w.org\/{rel}","templated":true}]}}