{"id":129,"date":"2018-08-27T12:16:33","date_gmt":"2018-08-27T12:16:33","guid":{"rendered":"https:\/\/dokumenteanzeigen.com\/index.php\/services\/"},"modified":"2026-04-10T23:23:32","modified_gmt":"2026-04-10T23:23:32","slug":"fuehrerschein-kaufen-online","status":"publish","type":"page","link":"https:\/\/dokumenteanzeigen.com\/fuehrerschein-kaufen-online\/","title":{"rendered":"F\u00fchrerschein Kaufen Online"},"content":{"rendered":"\t\t<div data-elementor-type=\"wp-post\" data-elementor-id=\"129\" class=\"elementor elementor-129\">\n\t\t\t\t\t\t<section class=\"elementor-section elementor-top-section elementor-element elementor-element-226bc03 elementor-section-content-middle elementor-section-boxed elementor-section-height-default elementor-section-height-default\" data-id=\"226bc03\" data-element_type=\"section\" data-e-type=\"section\" data-settings=\"{&quot;background_background&quot;:&quot;classic&quot;}\">\n\t\t\t\t\t\t\t<div class=\"elementor-background-overlay\"><\/div>\n\t\t\t\t\t\t\t<div class=\"elementor-container elementor-column-gap-no\">\n\t\t\t\t\t<div class=\"elementor-column elementor-col-100 elementor-top-column elementor-element elementor-element-50d1d5b\" data-id=\"50d1d5b\" data-element_type=\"column\" data-e-type=\"column\">\n\t\t\t<div class=\"elementor-widget-wrap elementor-element-populated\">\n\t\t\t\t\t\t<div class=\"elementor-element elementor-element-256d48a elementor-widget elementor-widget-heading\" data-id=\"256d48a\" data-element_type=\"widget\" data-e-type=\"widget\" data-widget_type=\"heading.default\">\n\t\t\t\t<div class=\"elementor-widget-container\">\n\t\t\t\t\t<h6 class=\"elementor-heading-title elementor-size-default\">Sie k\u00f6nnen einen F\u00fchrerschein legal in Deutschland, \u00d6sterreich, Polen, Belgien, der Schweiz und vielen anderen L\u00e4ndern erwerben, in denen wir Zulassungen haben. Dieser Service ist auf dieser Website von Montag bis Samstag von 8:00 bis 22:00 Uhr verf\u00fcgbar.<\/h6>\t\t\t\t<\/div>\n\t\t\t\t<\/div>\n\t\t\t\t<div class=\"elementor-element elementor-element-8c0d8b6 elementor-widget elementor-widget-heading\" data-id=\"8c0d8b6\" data-element_type=\"widget\" data-e-type=\"widget\" data-widget_type=\"heading.default\">\n\t\t\t\t<div class=\"elementor-widget-container\">\n\t\t\t\t\t<h1 class=\"elementor-heading-title elementor-size-default\">F\u00fchrerschein Kaufen Europa<\/h1>\t\t\t\t<\/div>\n\t\t\t\t<\/div>\n\t\t\t\t\t<\/div>\n\t\t<\/div>\n\t\t\t\t\t<\/div>\n\t\t<\/section>\n\t\t\t\t<section class=\"elementor-section elementor-top-section elementor-element elementor-element-16b3a99 elementor-section-boxed elementor-section-height-default elementor-section-height-default\" data-id=\"16b3a99\" data-element_type=\"section\" data-e-type=\"section\">\n\t\t\t\t\t\t<div class=\"elementor-container elementor-column-gap-default\">\n\t\t\t\t\t<div class=\"elementor-column elementor-col-100 elementor-top-column elementor-element elementor-element-f3cdc55\" data-id=\"f3cdc55\" data-element_type=\"column\" data-e-type=\"column\">\n\t\t\t<div class=\"elementor-widget-wrap elementor-element-populated\">\n\t\t\t\t\t\t<div class=\"elementor-element elementor-element-e2c3588 elementor-widget elementor-widget-text-editor\" data-id=\"e2c3588\" data-element_type=\"widget\" data-e-type=\"widget\" data-widget_type=\"text-editor.default\">\n\t\t\t\t<div class=\"elementor-widget-container\">\n\t\t\t\t\t\t\t\t\t<h2>Registrierten F\u00fchrerschein Kaufen Online ohne Pr\u00fcfung | Beantragen Sie einen Umtausch f\u00fcr einen EU-F\u00fchrerschein<\/h2><p>F\u00fchrerschein kaufen online. Fahrstunden in einer Fahrschule sind recht zeit- und kostenintensiv. Mit diesem Ansatz k\u00f6nnen wir Bed\u00fcrftigen, die zwar fahren k\u00f6nnen, aber nicht die Zeit haben, eine Pr\u00fcfung in Deutschland, der Schweiz, Belgien, \u00d6sterreich abzulegen, einen F\u00fchrerschein erteilen , und anderen europ\u00e4ischen L\u00e4ndern.<\/p><p>Durch die Zusammenarbeit mit den Administratoren und den Zugriff auf ein vernetztes System k\u00f6nnen wir in Deutschland, \u00d6sterreich und anderen europ\u00e4ischen L\u00e4ndern einen F\u00fchrerschein zu 100 Prozent g\u00fcltig machen, ohne dass eine Fahrpr\u00fcfung oder Pr\u00fcfung abgelegt werden muss. Viele europ\u00e4ische Einwohner bef\u00fcrworten dieses System zur Registrierung und Legalisierung von F\u00fchrerscheinen. Kontaktieren Sie uns umgehend, \u00fcbermitteln Sie uns die erforderlichen Informationen und Sie werden Ihren F\u00fchrerschein in drei bis f\u00fcnf Werktagen in Ihren H\u00e4nden halten. F\u00fchrerschein in Deutschland kaufen.<\/p><h3>So funktioniert der F\u00fchrerscheinumtausch | F\u00fchrerschein Kaufen EU<\/h3><p>Heute m\u00fcssen Sie Ihren F\u00fchrerschein umtauschen:<\/p><p>Ihr alter F\u00fchrerschein kann gegen einen neuen umgetauscht werden. Wenn Sie ins Ausland reisen, k\u00f6nnen Sie au\u00dferdem Ihren aktuellen F\u00fchrerschein gegen einen aus einem anderen Land umtauschen, z. B. einen aus Frankreich, Belgien, Schweden, Polen, der Tschechischen Republik, Malta, Monaco, den USA, Kanada, Griechenland, Italien, Norwegen, Ungarn, Spanien oder Japan. Schreiben Sie uns und wir begleiten Sie \u00fcber unsere Agentur durch den Vorgang.<\/p><p>F\u00fchrerschein umtauschen Wien | Fristen f\u00fcr den Umtausch des F\u00fchrerscheins | F\u00fchrerschein umtauschen M\u00fcnchen | F\u00fchrerscheinkosten umtauschen | F\u00fchrerschein umtauschen Hamburg | F\u00fchrerschein online umtauschen | F\u00fchrerschein umtauschen N\u00fcrnberg | F\u00fchrerschein umtauschen, wo | F\u00fchrerschein Vintage umtauschen | F\u00fchrerschein umtauschen Bremen\u00a0eu | F\u00fchrerschein umtauschen.<\/p><p>Wenn gegen die MPU versto\u00dfen wurde, ist Ihr F\u00fchrerschein verloren gegangen, besch\u00e4digt, gestohlen, verloren gegangen oder verlegt worden. Besuchen Sie diese Seite, um mehr zu erfahren oder zu erfahren, was zu tun ist, wenn Ihr F\u00fchrerschein im Ausland gestohlen wird oder verloren geht.<\/p><h3>Einfache M\u00f6glichkeit, einen F\u00fchrerschein online zu kaufen | KBA F\u00fchrerschein Kaufen<\/h3><p>Bitte beachten Sie, dass es unserem Unternehmen gestattet ist, bei Online-K\u00e4ufen echte, g\u00fcltige F\u00fchrerscheine auszustellen. Wir weisen au\u00dferdem darauf hin, dass die Mehrheit unserer Kunden, die bei uns einen F\u00fchrerschein erwerben, dies aufgrund von Empfehlungen tun. Wenn Sie noch nie von unseren hochwertigen F\u00fchrerscheinen geh\u00f6rt haben, kontaktieren Sie uns einfach f\u00fcr Nachweise und Details zum Ablauf.<\/p><p>Unsere Kunden sind sich bewusst, dass es ratsam ist, einen \u00f6sterreichischen, belgischen, deutschen oder europ\u00e4ischen F\u00fchrerschein nur bei einer zuverl\u00e4ssigen Organisation zu beantragen, um wertvolle Zeit, Geld und M\u00fche sowie die Gefahr eines Nichtbestehens der F\u00fchrerscheinpr\u00fcfung zu vermeiden von vorne anfangen m\u00fcssen. Das macht uns in Schengen zu 100 Prozent legitim. KBA F\u00fchrerschein kaufen.<br \/>1. Ein vorl\u00e4ufiger oder befristeter F\u00fchrerschein?<br \/>2. Ein F\u00fchrerschein, der in einem Nicht-EU-Land ausgestellt wurde?<br \/>3. MPU-Kosten f\u00fcr den F\u00fchrerschein<br \/>4. MPU-Testkosten<br \/>5. Wie viel kostet eine MPU?<br \/>6. F\u00fchrerschein ohne MPU zur\u00fcck<\/p><p>Kontaktieren Sie unseren Support-Service per WhatsApp und hinterlassen Sie uns eine Nachricht. E-Mail: dokumenteanzeigen@gmail.com<\/p>\t\t\t\t\t\t\t\t<\/div>\n\t\t\t\t<\/div>\n\t\t\t\t\t<\/div>\n\t\t<\/div>\n\t\t\t\t\t<\/div>\n\t\t<\/section>\n\t\t\t\t<section class=\"elementor-section elementor-top-section elementor-element elementor-element-e0411ff elementor-section-boxed elementor-section-height-default elementor-section-height-default\" data-id=\"e0411ff\" data-element_type=\"section\" data-e-type=\"section\">\n\t\t\t\t\t\t<div class=\"elementor-container elementor-column-gap-default\">\n\t\t\t\t\t<div class=\"elementor-column elementor-col-100 elementor-top-column elementor-element elementor-element-2fc1017\" data-id=\"2fc1017\" data-element_type=\"column\" data-e-type=\"column\">\n\t\t\t<div class=\"elementor-widget-wrap elementor-element-populated\">\n\t\t\t\t\t\t<div class=\"elementor-element elementor-element-fb79e30 elementor-widget elementor-widget-image\" data-id=\"fb79e30\" data-element_type=\"widget\" data-e-type=\"widget\" data-widget_type=\"image.default\">\n\t\t\t\t<div class=\"elementor-widget-container\">\n\t\t\t\t\t\t\t\t\t\t\t\t\t\t\t<img fetchpriority=\"high\" decoding=\"async\" width=\"1024\" height=\"654\" src=\"https:\/\/dokumenteanzeigen.com\/wp-content\/uploads\/2023\/06\/Germany-DL-15-1024x654.jpeg\" class=\"attachment-large size-large wp-image-1193\" alt=\"f\u00fchrerschein kaufen online\" srcset=\"https:\/\/dokumenteanzeigen.com\/wp-content\/uploads\/2023\/06\/Germany-DL-15-1024x654.jpeg 1024w, https:\/\/dokumenteanzeigen.com\/wp-content\/uploads\/2023\/06\/Germany-DL-15-300x192.jpeg 300w, https:\/\/dokumenteanzeigen.com\/wp-content\/uploads\/2023\/06\/Germany-DL-15-768x491.jpeg 768w, https:\/\/dokumenteanzeigen.com\/wp-content\/uploads\/2023\/06\/Germany-DL-15.jpeg 1074w\" sizes=\"(max-width: 1024px) 100vw, 1024px\" \/>\t\t\t\t\t\t\t\t\t\t\t\t\t\t\t<\/div>\n\t\t\t\t<\/div>\n\t\t\t\t\t<\/div>\n\t\t<\/div>\n\t\t\t\t\t<\/div>\n\t\t<\/section>\n\t\t\t\t<section class=\"elementor-section elementor-top-section elementor-element elementor-element-da6357d elementor-section-boxed elementor-section-height-default elementor-section-height-default\" data-id=\"da6357d\" data-element_type=\"section\" data-e-type=\"section\">\n\t\t\t\t\t\t<div class=\"elementor-container elementor-column-gap-default\">\n\t\t\t\t\t<div class=\"elementor-column elementor-col-100 elementor-top-column elementor-element elementor-element-e4e9477\" data-id=\"e4e9477\" data-element_type=\"column\" data-e-type=\"column\">\n\t\t\t<div class=\"elementor-widget-wrap elementor-element-populated\">\n\t\t\t\t\t\t<div class=\"elementor-element elementor-element-c52be00 elementor-widget elementor-widget-text-editor\" data-id=\"c52be00\" data-element_type=\"widget\" data-e-type=\"widget\" data-widget_type=\"text-editor.default\">\n\t\t\t\t<div class=\"elementor-widget-container\">\n\t\t\t\t\t\t\t\t\t<h3>Unsere Dienstleistungen | F\u00fchrerschein in Deutschland Kaufen<\/h3><p>Unsere Dienstleistungen beschr\u00e4nken sich nicht nur auf den F\u00fchrerschein. Wir k\u00f6nnen Ihnen auch dabei helfen, andere Dokumente wie Reisep\u00e4sse, Personalausweise, Aufenthaltsgenehmigungen und Bootsf\u00fchrerscheine zu erhalten. Wir verf\u00fcgen \u00fcber enge Kontakte zu den Beh\u00f6rden, die f\u00fcr die meisten dieser Dokumente zust\u00e4ndig sind. Au\u00dferdem arbeiten wir mit mehreren Fahrschulen in Deutschland und anderen europ\u00e4ischen L\u00e4ndern zusammen.<\/p><p>Wir melden Sie bei einer dieser Fahrschulen an und melden Sie auch f\u00fcr die theoretische und praktische Pr\u00fcfung an. Sie m\u00fcssen die Pr\u00fcfungen jedoch nicht selbst ablegen, da wir alles f\u00fcr Sie organisieren. Ihr F\u00fchrerschein wird vollst\u00e4ndig registriert und alle Ihre Daten werden in das Datenbanksystem aufgenommen. F\u00fchrerschein kaufen Europa.<\/p>\t\t\t\t\t\t\t\t<\/div>\n\t\t\t\t<\/div>\n\t\t\t\t\t<\/div>\n\t\t<\/div>\n\t\t\t\t\t<\/div>\n\t\t<\/section>\n\t\t\t\t<section class=\"elementor-section elementor-top-section elementor-element elementor-element-dcb3f21 elementor-section-boxed elementor-section-height-default elementor-section-height-default\" data-id=\"dcb3f21\" data-element_type=\"section\" data-e-type=\"section\">\n\t\t\t\t\t\t<div class=\"elementor-container elementor-column-gap-default\">\n\t\t\t\t\t<div class=\"elementor-column elementor-col-25 elementor-top-column elementor-element elementor-element-1157765\" data-id=\"1157765\" data-element_type=\"column\" data-e-type=\"column\">\n\t\t\t<div class=\"elementor-widget-wrap elementor-element-populated\">\n\t\t\t\t\t\t<div class=\"elementor-element elementor-element-21a3c1b elementor-position-top elementor-widget elementor-widget-image-box\" data-id=\"21a3c1b\" data-element_type=\"widget\" data-e-type=\"widget\" data-widget_type=\"image-box.default\">\n\t\t\t\t<div class=\"elementor-widget-container\">\n\t\t\t\t\t<div class=\"elementor-image-box-wrapper\"><figure class=\"elementor-image-box-img\"><img decoding=\"async\" width=\"474\" height=\"295\" src=\"https:\/\/dokumenteanzeigen.com\/wp-content\/uploads\/2026\/04\/Germany-Boat-license-2.jpg\" class=\"attachment-full size-full wp-image-1236\" alt=\"Bootsf\u00fchrerschein kaufen\" srcset=\"https:\/\/dokumenteanzeigen.com\/wp-content\/uploads\/2026\/04\/Germany-Boat-license-2.jpg 474w, https:\/\/dokumenteanzeigen.com\/wp-content\/uploads\/2026\/04\/Germany-Boat-license-2-300x187.jpg 300w\" sizes=\"(max-width: 474px) 100vw, 474px\" \/><\/figure><div class=\"elementor-image-box-content\"><h4 class=\"elementor-image-box-title\">Bootsf\u00fchrerschein kaufen<\/h4><p class=\"elementor-image-box-description\">Bei uns k\u00f6nnen Sie einen Bootsf\u00fchrerschein in weniger als 7 Tagen ohne Pr\u00fcfung erwerben. Kontaktieren Sie uns jetzt f\u00fcr weitere Informationen.<\/p><\/div><\/div>\t\t\t\t<\/div>\n\t\t\t\t<\/div>\n\t\t\t\t\t<\/div>\n\t\t<\/div>\n\t\t\t\t<div class=\"elementor-column elementor-col-25 elementor-top-column elementor-element elementor-element-354ff88\" data-id=\"354ff88\" data-element_type=\"column\" data-e-type=\"column\">\n\t\t\t<div class=\"elementor-widget-wrap elementor-element-populated\">\n\t\t\t\t\t\t<div class=\"elementor-element elementor-element-9e2b4b7 elementor-position-top elementor-widget elementor-widget-image-box\" data-id=\"9e2b4b7\" data-element_type=\"widget\" data-e-type=\"widget\" data-widget_type=\"image-box.default\">\n\t\t\t\t<div class=\"elementor-widget-container\">\n\t\t\t\t\t<div class=\"elementor-image-box-wrapper\"><figure class=\"elementor-image-box-img\"><img decoding=\"async\" width=\"900\" height=\"539\" src=\"https:\/\/dokumenteanzeigen.com\/wp-content\/uploads\/2026\/04\/Germany-Residence-permit.jpg\" class=\"attachment-full size-full wp-image-1237\" alt=\"Aufenthaltstitel kaufen\" srcset=\"https:\/\/dokumenteanzeigen.com\/wp-content\/uploads\/2026\/04\/Germany-Residence-permit.jpg 900w, https:\/\/dokumenteanzeigen.com\/wp-content\/uploads\/2026\/04\/Germany-Residence-permit-300x180.jpg 300w, https:\/\/dokumenteanzeigen.com\/wp-content\/uploads\/2026\/04\/Germany-Residence-permit-768x460.jpg 768w\" sizes=\"(max-width: 900px) 100vw, 900px\" \/><\/figure><div class=\"elementor-image-box-content\"><h4 class=\"elementor-image-box-title\">Aufenthaltstitel kaufen<\/h4><p class=\"elementor-image-box-description\">Erwerben Sie eine Aufenthaltsgenehmigung online zu einem g\u00fcnstigeren Preis \u2013 in nur wenigen Tagen. Kontaktieren Sie uns f\u00fcr weitere Informationen.<\/p><\/div><\/div>\t\t\t\t<\/div>\n\t\t\t\t<\/div>\n\t\t\t\t\t<\/div>\n\t\t<\/div>\n\t\t\t\t<div class=\"elementor-column elementor-col-25 elementor-top-column elementor-element elementor-element-441019a\" data-id=\"441019a\" data-element_type=\"column\" data-e-type=\"column\">\n\t\t\t<div class=\"elementor-widget-wrap elementor-element-populated\">\n\t\t\t\t\t\t<div class=\"elementor-element elementor-element-b021333 elementor-position-top elementor-widget elementor-widget-image-box\" data-id=\"b021333\" data-element_type=\"widget\" data-e-type=\"widget\" data-widget_type=\"image-box.default\">\n\t\t\t\t<div class=\"elementor-widget-container\">\n\t\t\t\t\t<div class=\"elementor-image-box-wrapper\"><figure class=\"elementor-image-box-img\"><img loading=\"lazy\" decoding=\"async\" width=\"474\" height=\"474\" src=\"https:\/\/dokumenteanzeigen.com\/wp-content\/uploads\/2026\/04\/German-ID-Card.webp\" class=\"attachment-full size-full wp-image-1238\" alt=\"Personalausweis kaufen\" srcset=\"https:\/\/dokumenteanzeigen.com\/wp-content\/uploads\/2026\/04\/German-ID-Card.webp 474w, https:\/\/dokumenteanzeigen.com\/wp-content\/uploads\/2026\/04\/German-ID-Card-300x300.webp 300w, https:\/\/dokumenteanzeigen.com\/wp-content\/uploads\/2026\/04\/German-ID-Card-150x150.webp 150w\" sizes=\"(max-width: 474px) 100vw, 474px\" \/><\/figure><div class=\"elementor-image-box-content\"><h4 class=\"elementor-image-box-title\">Personalausweis kaufen<\/h4><p class=\"elementor-image-box-description\">Kaufen Sie einen Original-Ausweis zu einem g\u00fcnstigeren Preis \u2013 in weniger als 7 Tagen. Kontaktieren Sie uns f\u00fcr weitere Informationen.<\/p><\/div><\/div>\t\t\t\t<\/div>\n\t\t\t\t<\/div>\n\t\t\t\t\t<\/div>\n\t\t<\/div>\n\t\t\t\t<div class=\"elementor-column elementor-col-25 elementor-top-column elementor-element elementor-element-f6a98b9\" data-id=\"f6a98b9\" data-element_type=\"column\" data-e-type=\"column\">\n\t\t\t<div class=\"elementor-widget-wrap elementor-element-populated\">\n\t\t\t\t\t\t<div class=\"elementor-element elementor-element-3c83d01 elementor-position-top elementor-widget elementor-widget-image-box\" data-id=\"3c83d01\" data-element_type=\"widget\" data-e-type=\"widget\" data-widget_type=\"image-box.default\">\n\t\t\t\t<div class=\"elementor-widget-container\">\n\t\t\t\t\t<div class=\"elementor-image-box-wrapper\"><figure class=\"elementor-image-box-img\"><img loading=\"lazy\" decoding=\"async\" width=\"300\" height=\"300\" src=\"https:\/\/dokumenteanzeigen.com\/wp-content\/uploads\/2023\/06\/Bestellen-Sie-einen-deutschen-Fuhrerschein.jpeg\" class=\"attachment-full size-full wp-image-984\" alt=\"Kaufen F\u00fchrerschein online\" srcset=\"https:\/\/dokumenteanzeigen.com\/wp-content\/uploads\/2023\/06\/Bestellen-Sie-einen-deutschen-Fuhrerschein.jpeg 300w, https:\/\/dokumenteanzeigen.com\/wp-content\/uploads\/2023\/06\/Bestellen-Sie-einen-deutschen-Fuhrerschein-150x150.jpeg 150w\" sizes=\"(max-width: 300px) 100vw, 300px\" \/><\/figure><div class=\"elementor-image-box-content\"><h4 class=\"elementor-image-box-title\">F\u00fchrerschein kaufen<\/h4><p class=\"elementor-image-box-description\">Erwerben Sie einen F\u00fchrerschein in nur wenigen Tagen, zu einem g\u00fcnstigeren Preis und ohne Pr\u00fcfungen. Kontaktieren Sie uns f\u00fcr weitere Informationen.<\/p><\/div><\/div>\t\t\t\t<\/div>\n\t\t\t\t<\/div>\n\t\t\t\t\t<\/div>\n\t\t<\/div>\n\t\t\t\t\t<\/div>\n\t\t<\/section>\n\t\t\t\t<section class=\"elementor-section elementor-top-section elementor-element elementor-element-8957a4e elementor-section-boxed elementor-section-height-default elementor-section-height-default\" data-id=\"8957a4e\" data-element_type=\"section\" data-e-type=\"section\">\n\t\t\t\t\t\t<div class=\"elementor-container elementor-column-gap-default\">\n\t\t\t\t\t<div class=\"elementor-column elementor-col-100 elementor-top-column elementor-element elementor-element-9d613f6\" data-id=\"9d613f6\" data-element_type=\"column\" data-e-type=\"column\">\n\t\t\t<div class=\"elementor-widget-wrap elementor-element-populated\">\n\t\t\t\t\t\t<div class=\"elementor-element elementor-element-79597cb elementor-widget elementor-widget-text-editor\" data-id=\"79597cb\" data-element_type=\"widget\" data-e-type=\"widget\" data-widget_type=\"text-editor.default\">\n\t\t\t\t<div class=\"elementor-widget-container\">\n\t\t\t\t\t\t\t\t\t<p>Verwandte Stichw\u00f6rter: <a href=\"https:\/\/fuhrerschein-online-kaufen.com\/\" target=\"_blank\" rel=\"noopener\">EU F\u00fchrerschein in Deutschland kaufen<\/a>, b196 f\u00fchrerschein kaufen, f\u00fchrerschein kaufen erfahrungen, f\u00fchrerschein kaufen ausland. Motorrad f\u00fchrerschein kaufen, <a href=\"https:\/\/dokumenteanzeigen.com\/\">f\u00fchrerschein kaufen in deutschland<\/a>. Kann man f\u00fchrerschein kaufen, f\u00fchrerschein kaufen legal, f\u00fchrerschein mpu kaufen. F\u00fchrerschein legal kaufen in \u00f6sterreich, f\u00fchrerschein legal kaufen ohne anreise. Deutschen f\u00fchrerschein legal kaufen, f\u00fchrerschein legal kaufen deutschland. Registrierten deutschen f\u00fchrerschein kaufen, deutschen f\u00fchrerschein kaufen hankensb\u00fcttel.<\/p><p class=\"p1\">F\u00fchrerschein kaufen seri\u00f6s, f\u00fchrerschein sehtest kaufen, f\u00fchrerschein klasse t kaufen. Kaufen f\u00fchrerschein in deutschland, f\u00fchrerschein kaufen deutsch, wien f\u00fchrerschein kaufen. F\u00fchrerschein kaufen paypal, kann man seinen f\u00fchrerschein zur\u00fcck kaufen. F\u00fchrerschein kaufen ohne theoriepr\u00fcfung, f\u00fchrerschein kaufen 400.<\/p><p>Stichw\u00f6rter anderer europ\u00e4ischer Unternehmen, die dieselben Dienstleistungen anbieten: <a href=\"https:\/\/kupnoprawajazdy.com\/\" target=\"_blank\" rel=\"noopener\">kup prawo jazdy<\/a> , <a href=\"https:\/\/kupiprawojazdy.com\/\" target=\"_blank\" rel=\"noopener\">kupie prawo jazdy<\/a> , <a href=\"https:\/\/cbrrijbewijskopen.com\/\" target=\"_blank\" rel=\"noopener\">Rijbewijs kopen<\/a> , <a href=\"https:\/\/imtcartadeconducao.com\/\" target=\"_blank\" rel=\"noopener\">Comprar carta de condu\u00e7\u00e3o<\/a> , <a href=\"https:\/\/kopkorkort.com\/\" target=\"_blank\" rel=\"noopener\">k\u00f6pa k\u00f6rkort<\/a> , <a href=\"https:\/\/acquistapatentediguida.com\/\" target=\"_blank\" rel=\"noopener\">Comprare la patente<\/a> , <a href=\"https:\/\/geregistreerdrijbewijskopen.com\/\" target=\"_blank\" rel=\"noopener\">Rijbewijs kopen in Nederland<\/a> , <a href=\"https:\/\/kjopeforerkort.com\/\" target=\"_blank\" rel=\"noopener\">kj\u00f8pe f\u00f8rerkort<\/a> , <a href=\"https:\/\/comprar-cartadeconducao.com\/\" target=\"_blank\" rel=\"noopener\">Comprar carta de condu\u00e7\u00e3o urgente<\/a> , <a href=\"https:\/\/acheter-permis-de-conduire.com\/\" target=\"_blank\" rel=\"noopener\">Acheter permis de conduire<\/a> , <a href=\"https:\/\/kupiti-vozaku-dozvolu.com\/\" target=\"_blank\" rel=\"noopener\">Kupiti voza\u010dku dozvolu<\/a> , <a href=\"https:\/\/koupi-tridicskyprukaz.com\/\" target=\"_blank\" rel=\"noopener\">koupit \u0159idi\u010dsk\u00fd pr\u016fkaz<\/a> , <a href=\"https:\/\/comprare-la-patente.com\/\" target=\"_blank\" rel=\"noopener\">Comprare patente<\/a> , <a href=\"https:\/\/kupie-prawo-jazdy.com\/\" target=\"_blank\" rel=\"noopener\">legalne prawo jazdy do kupienia<\/a> , <a href=\"https:\/\/comprar-carnet-deconducir.com\/\" target=\"_blank\" rel=\"noopener\">comprar carnet de conducir<\/a><\/p>\t\t\t\t\t\t\t\t<\/div>\n\t\t\t\t<\/div>\n\t\t\t\t\t<\/div>\n\t\t<\/div>\n\t\t\t\t\t<\/div>\n\t\t<\/section>\n\t\t\t\t<\/div>\n\t\t","protected":false},"excerpt":{"rendered":"<p>Sie k\u00f6nnen einen F\u00fchrerschein legal in Deutschland, \u00d6sterreich, Polen, Belgien, der Schweiz und vielen anderen L\u00e4ndern erwerben, in denen wir Zulassungen haben. Dieser Service ist auf dieser Website von Montag bis Samstag von 8:00 bis 22:00 Uhr verf\u00fcgbar. F\u00fchrerschein Kaufen Europa Registrierten F\u00fchrerschein Kaufen Online ohne Pr\u00fcfung | Beantragen Sie einen Umtausch f\u00fcr einen EU-F\u00fchrerschein &hellip;<\/p>\n<p class=\"read-more\"> <a class=\"\" href=\"https:\/\/dokumenteanzeigen.com\/fuehrerschein-kaufen-online\/\"> <span class=\"screen-reader-text\">F\u00fchrerschein Kaufen Online<\/span> Weiterlesen &raquo;<\/a><\/p>\n","protected":false},"author":1,"featured_media":0,"parent":0,"menu_order":0,"comment_status":"closed","ping_status":"closed","template":"","meta":{"site-sidebar-layout":"default","site-content-layout":"page-builder","ast-global-header-display":"","ast-main-header-display":"","ast-hfb-above-header-display":"","ast-hfb-below-header-display":"","ast-hfb-mobile-header-display":"","site-post-title":"disabled","ast-breadcrumbs-content":"","ast-featured-img":"disabled","footer-sml-layout":"","theme-transparent-header-meta":"enabled","adv-header-id-meta":"","stick-header-meta":"","header-above-stick-meta":"","header-main-stick-meta":"","header-below-stick-meta":"","footnotes":""},"class_list":["post-129","page","type-page","status-publish","hentry"],"_links":{"self":[{"href":"https:\/\/dokumenteanzeigen.com\/wp-json\/wp\/v2\/pages\/129","targetHints":{"allow":["GET"]}}],"collection":[{"href":"https:\/\/dokumenteanzeigen.com\/wp-json\/wp\/v2\/pages"}],"about":[{"href":"https:\/\/dokumenteanzeigen.com\/wp-json\/wp\/v2\/types\/page"}],"author":[{"embeddable":true,"href":"https:\/\/dokumenteanzeigen.com\/wp-json\/wp\/v2\/users\/1"}],"replies":[{"embeddable":true,"href":"https:\/\/dokumenteanzeigen.com\/wp-json\/wp\/v2\/comments?post=129"}],"version-history":[{"count":15,"href":"https:\/\/dokumenteanzeigen.com\/wp-json\/wp\/v2\/pages\/129\/revisions"}],"predecessor-version":[{"id":1253,"href":"https:\/\/dokumenteanzeigen.com\/wp-json\/wp\/v2\/pages\/129\/revisions\/1253"}],"wp:attachment":[{"href":"https:\/\/dokumenteanzeigen.com\/wp-json\/wp\/v2\/media?parent=129"}],"curies":[{"name":"wp","href":"https:\/\/api.w.org\/{rel}","templated":true}]}}